{"id":71,"date":"2024-04-21T15:11:05","date_gmt":"2024-04-21T15:11:05","guid":{"rendered":"http:\/\/gastro-collab.com\/?page_id=71"},"modified":"2024-04-21T15:52:46","modified_gmt":"2024-04-21T15:52:46","slug":"impressum","status":"publish","type":"page","link":"https:\/\/gastro-collab.com\/?page_id=71","title":{"rendered":"Impressum"},"content":{"rendered":"\t\t<div data-elementor-type=\"wp-page\" data-elementor-id=\"71\" class=\"elementor elementor-71\" data-elementor-post-type=\"page\">\n\t\t\t\t<div class=\"elementor-element elementor-element-92d519e e-flex e-con-boxed e-con e-parent\" data-id=\"92d519e\" data-element_type=\"container\">\n\t\t\t\t\t<div class=\"e-con-inner\">\n\t\t\t\t<div class=\"elementor-element elementor-element-59367ab elementor-widget elementor-widget-heading\" data-id=\"59367ab\" data-element_type=\"widget\" data-widget_type=\"heading.default\">\n\t\t\t\t<div class=\"elementor-widget-container\">\n\t\t\t<style>\/*! elementor - v3.21.0 - 18-04-2024 *\/\n.elementor-heading-title{padding:0;margin:0;line-height:1}.elementor-widget-heading .elementor-heading-title[class*=elementor-size-]>a{color:inherit;font-size:inherit;line-height:inherit}.elementor-widget-heading .elementor-heading-title.elementor-size-small{font-size:15px}.elementor-widget-heading .elementor-heading-title.elementor-size-medium{font-size:19px}.elementor-widget-heading .elementor-heading-title.elementor-size-large{font-size:29px}.elementor-widget-heading .elementor-heading-title.elementor-size-xl{font-size:39px}.elementor-widget-heading .elementor-heading-title.elementor-size-xxl{font-size:59px}<\/style><h1 class=\"elementor-heading-title elementor-size-default\">Impressum<\/h1>\t\t<\/div>\n\t\t\t\t<\/div>\n\t\t\t\t<div class=\"elementor-element elementor-element-6e9e397 elementor-widget elementor-widget-text-editor\" data-id=\"6e9e397\" data-element_type=\"widget\" data-widget_type=\"text-editor.default\">\n\t\t\t\t<div class=\"elementor-widget-container\">\n\t\t\t<style>\/*! elementor - v3.21.0 - 18-04-2024 *\/\n.elementor-widget-text-editor.elementor-drop-cap-view-stacked .elementor-drop-cap{background-color:#69727d;color:#fff}.elementor-widget-text-editor.elementor-drop-cap-view-framed .elementor-drop-cap{color:#69727d;border:3px solid;background-color:transparent}.elementor-widget-text-editor:not(.elementor-drop-cap-view-default) .elementor-drop-cap{margin-top:8px}.elementor-widget-text-editor:not(.elementor-drop-cap-view-default) .elementor-drop-cap-letter{width:1em;height:1em}.elementor-widget-text-editor .elementor-drop-cap{float:left;text-align:center;line-height:1;font-size:50px}.elementor-widget-text-editor .elementor-drop-cap-letter{display:inline-block}<\/style>\t\t\t\t<div class=\"wpb_text_column wpb_content_element \"><div class=\"wpb_wrapper\"><h2 class=\"fusion-responsive-typography-calculated\" data-fontsize=\"28\" data-lineheight=\"33.6px\">ANGABEN GEM\u00c4SS \u00a7 5 TMG<\/h2>BF Events GmbH<\/div><div class=\"wpb_wrapper\">Bindlacher Stra\u00dfe 4<\/div><div class=\"wpb_wrapper\">95448 Bayreuth<br \/><h2 class=\"fusion-responsive-typography-calculated\" data-fontsize=\"28\" data-lineheight=\"33.6px\">KONTAKT:<\/h2><p>E-Mail: info@werksagentur.de<\/p><h2 class=\"fusion-responsive-typography-calculated\" data-fontsize=\"28\" data-lineheight=\"33.6px\">STREITSCHLICHTUNG<\/h2><p>Die Europ\u00e4ische Kommission stellt eine Plattform zur Online-Streitbeilegung (OS) bereit:\u00a0<a href=\"https:\/\/ec.europa.eu\/consumers\/odr\" target=\"_blank\" rel=\"noopener noreferrer\">https:\/\/ec.europa.eu\/consumers\/odr<\/a>.<br \/>Unsere E-Mail-Adresse finden Sie oben im Impressum.<\/p><p>Wir sind nicht bereit oder verpflichtet, an Streitbeilegungsverfahren vor einer Verbraucherschlichtungsstelle teilzunehmen.<\/p><h3 class=\"fusion-responsive-typography-calculated\" data-fontsize=\"20\" data-lineheight=\"26px\">Haftung f\u00fcr Inhalte<\/h3><p>Als Diensteanbieter sind wir gem\u00e4\u00df \u00a7 7 Abs.1 TMG f\u00fcr eigene Inhalte auf diesen Seiten nach den allgemeinen Gesetzen verantwortlich. Nach \u00a7\u00a7 8 bis 10 TMG sind wir als Diensteanbieter jedoch nicht verpflichtet, \u00fcbermittelte oder gespeicherte fremde Informationen zu \u00fcberwachen oder nach Umst\u00e4nden zu forschen, die auf eine rechtswidrige T\u00e4tigkeit hinweisen.<\/p><p>Verpflichtungen zur Entfernung oder Sperrung der Nutzung von Informationen nach den allgemeinen Gesetzen bleiben hiervon unber\u00fchrt. Eine diesbez\u00fcgliche Haftung ist jedoch erst ab dem Zeitpunkt der Kenntnis einer konkreten Rechtsverletzung m\u00f6glich. Bei Bekanntwerden von entsprechenden Rechtsverletzungen werden wir diese Inhalte umgehend entfernen.<\/p><h3 class=\"fusion-responsive-typography-calculated\" data-fontsize=\"20\" data-lineheight=\"26px\">Haftung f\u00fcr Links<\/h3><p>Inhalte fremder Webseiten, auf die wir in unserem Webaufritt direkt oder indirekt verweisen (durch \u201eHyperlinks\u201c oder \u201eDeeplinks\u201c) liegen au\u00dferhalb unseres Verantwortungsbereichs und machen wir uns nicht zu Eigen. Wir k\u00f6nnen jedoch erkl\u00e4ren, dass zum Zeitpunkt der Linksetzung keine illegalen Inhalte auf den verlinkten Seiten erkennbar waren. Auf die aktuelle und zuk\u00fcnftige Gestaltung, die Inhalte und die Urheberschaft der verlinkten Seiten haben wir keinerlei Einfluss. Des-halb distanzieren wir uns ausdr\u00fccklich von allen Inhalten aller ver-linkten Webseiten, die nach der Linksetzung ver\u00e4ndert wurden. Diese Feststellung gilt f\u00fcr alle innerhalb des eigenen Webangebots gesetzten Links und Verweise. F\u00fcr illegale, fehlerhafte oder unvollst\u00e4ndige In-halte und insbesondere f\u00fcr Sch\u00e4den, die aus der Nutzung der in den verlinkten Webseiten aufrufbaren Informationen entstehen, haftet al-lein der Anbieter der Seite, auf welche verwiesen wurde. Erhalten wir von illegalen, rechtswidrigen oder fehlerhaften Inhalten auf Webseiten Kenntnis, auf die wir verlinken, werden wir die Verlinkung aufheben.<\/p><h3 class=\"fusion-responsive-typography-calculated\" data-fontsize=\"20\" data-lineheight=\"26px\">Urheberrecht<\/h3><p>Die durch die Seitenbetreiber erstellten Inhalte und Werke auf diesen Seiten unterliegen dem deutschen Urheberrecht. Die Vervielf\u00e4ltigung, Bearbeitung, Verbreitung und jede Art der Verwertung au\u00dferhalb der Grenzen des Urheberrechtes bed\u00fcrfen der schriftlichen Zustimmung des jeweiligen Autors bzw. Erstellers. Downloads und Kopien dieser Seite sind nur f\u00fcr den privaten, nicht kommerziellen Gebrauch gestattet.<\/p><p>Soweit die Inhalte auf dieser Seite nicht vom Betreiber erstellt wurden, werden die Urheberrechte Dritter beachtet. Insbesondere werden Inhalte Dritter als solche gekennzeichnet. Sollten Sie trotzdem auf eine Urheberrechtsverletzung aufmerksam werden, bitten wir um einen entsprechenden Hinweis. Bei Bekanntwerden von Rechtsverletzungen werden wir derartige Inhalte umgehend entfernen.<\/p><\/div><\/div>\t\t\t\t\t\t<\/div>\n\t\t\t\t<\/div>\n\t\t\t\t\t<\/div>\n\t\t\t\t<\/div>\n\t\t\t\t<\/div>\n\t\t","protected":false},"excerpt":{"rendered":"<p>Impressum ANGABEN GEM\u00c4SS \u00a7 5 TMG BF Events GmbHBindlacher Stra\u00dfe 495448 Bayreuth KONTAKT: E-Mail: info@werksagentur.de STREITSCHLICHTUNG Die Europ\u00e4ische Kommission stellt eine Plattform zur Online-Streitbeilegung (OS) bereit:\u00a0https:\/\/ec.europa.eu\/consumers\/odr.Unsere E-Mail-Adresse finden Sie oben im Impressum. Wir sind nicht bereit oder verpflichtet, an Streitbeilegungsverfahren vor einer Verbraucherschlichtungsstelle teilzunehmen. Haftung f\u00fcr Inhalte Als Diensteanbieter sind wir gem\u00e4\u00df \u00a7 7 Abs.1 [&hellip;]<\/p>\n","protected":false},"author":1,"featured_media":0,"parent":0,"menu_order":0,"comment_status":"closed","ping_status":"closed","template":"","meta":{"footnotes":""},"_links":{"self":[{"href":"https:\/\/gastro-collab.com\/index.php?rest_route=\/wp\/v2\/pages\/71"}],"collection":[{"href":"https:\/\/gastro-collab.com\/index.php?rest_route=\/wp\/v2\/pages"}],"about":[{"href":"https:\/\/gastro-collab.com\/index.php?rest_route=\/wp\/v2\/types\/page"}],"author":[{"embeddable":true,"href":"https:\/\/gastro-collab.com\/index.php?rest_route=\/wp\/v2\/users\/1"}],"replies":[{"embeddable":true,"href":"https:\/\/gastro-collab.com\/index.php?rest_route=%2Fwp%2Fv2%2Fcomments&post=71"}],"version-history":[{"count":10,"href":"https:\/\/gastro-collab.com\/index.php?rest_route=\/wp\/v2\/pages\/71\/revisions"}],"predecessor-version":[{"id":144,"href":"https:\/\/gastro-collab.com\/index.php?rest_route=\/wp\/v2\/pages\/71\/revisions\/144"}],"wp:attachment":[{"href":"https:\/\/gastro-collab.com\/index.php?rest_route=%2Fwp%2Fv2%2Fmedia&parent=71"}],"curies":[{"name":"wp","href":"https:\/\/api.w.org\/{rel}","templated":true}]}}